{"id":74,"date":"2026-03-15T14:19:25","date_gmt":"2026-03-15T14:19:25","guid":{"rendered":"https:\/\/pieuvredumbo.com\/?page_id=74"},"modified":"2026-04-02T12:55:10","modified_gmt":"2026-04-02T12:55:10","slug":"les-differentes-especes","status":"publish","type":"page","link":"https:\/\/pieuvredumbo.com\/index.php\/les-differentes-especes\/","title":{"rendered":"Les diff\u00e9rentes esp\u00e8ces de pieuvre"},"content":{"rendered":"\n<div class=\"wp-block-cover\"><img loading=\"lazy\" decoding=\"async\" width=\"650\" height=\"366\" class=\"wp-block-cover__image-background wp-image-396 size-full\" alt=\"\" src=\"http:\/\/pieuvredumbo.com\/wp-content\/uploads\/2026\/03\/Faits-surprenants-ocean-vague.jpg\" data-object-fit=\"cover\" srcset=\"https:\/\/pieuvredumbo.com\/wp-content\/uploads\/2026\/03\/Faits-surprenants-ocean-vague.jpg 650w, https:\/\/pieuvredumbo.com\/wp-content\/uploads\/2026\/03\/Faits-surprenants-ocean-vague-300x169.jpg 300w\" sizes=\"auto, (max-width: 650px) 100vw, 650px\" \/><span aria-hidden=\"true\" class=\"wp-block-cover__background has-background-dim\" style=\"background-color:#66858f\"><\/span><div class=\"wp-block-cover__inner-container has-global-padding is-layout-constrained wp-block-cover-is-layout-constrained\">\n<p class=\"has-text-align-center has-large-font-size\"><strong>\u00c0 la d\u00e9couverte des types et esp\u00e8ces de pieuvre<\/strong><\/p>\n<\/div><\/div>\n\n\n\n<p><\/p>\n\n\n\n<pre class=\"wp-block-preformatted\">Les poulpes, aussi appel\u00e9s pieuvres, comptent parmi les cr\u00e9atures marines les plus intelligentes et myst\u00e9rieuses de l\u2019oc\u00e9an. Gr\u00e2ce \u00e0 leur capacit\u00e9 de camouflage, leur agilit\u00e9 et leur \u00e9tonnante intelligence, ils fascinent autant les scientifiques que le grand public. D\u00e9couvrez trois types et trois esp\u00e8ces embl\u00e9matiques aux caract\u00e9ristiques uniques.<\/pre>\n\n\n\n<p><\/p>\n\n\n\n<div class=\"wp-block-group has-global-padding is-layout-constrained wp-block-group-is-layout-constrained\">\n<h2 class=\"wp-block-heading\">Les diff\u00e9rents types de pieuvre<\/h2>\n\n\n\n<div id=\"team\" class=\"wp-block-group has-global-padding is-layout-constrained wp-block-group-is-layout-constrained\">\n<div class=\"wp-block-columns is-layout-flex wp-container-core-columns-is-layout-28f84493 wp-block-columns-is-layout-flex\">\n<div class=\"wp-block-column is-style-default is-layout-flow wp-block-column-is-layout-flow\" style=\"border-style:none;border-width:0px;padding-top:0;padding-right:0;padding-bottom:0;padding-left:0\">\n<figure class=\"wp-block-image size-full is-style-default\"><img loading=\"lazy\" decoding=\"async\" width=\"675\" height=\"900\" src=\"http:\/\/pieuvredumbo.com\/wp-content\/uploads\/2026\/03\/photo-verticale-d-une-pieuvre-geante-sous-marine-du-pacifique-dans-l-obscurite-image-266051153.webp\" alt=\"Esp\u00e8ce de Pieuvre de r\u00e9cif\" class=\"wp-image-238\" srcset=\"https:\/\/pieuvredumbo.com\/wp-content\/uploads\/2026\/03\/photo-verticale-d-une-pieuvre-geante-sous-marine-du-pacifique-dans-l-obscurite-image-266051153.webp 675w, https:\/\/pieuvredumbo.com\/wp-content\/uploads\/2026\/03\/photo-verticale-d-une-pieuvre-geante-sous-marine-du-pacifique-dans-l-obscurite-image-266051153-225x300.webp 225w\" sizes=\"auto, (max-width: 675px) 100vw, 675px\" \/><\/figure>\n\n\n\n<h3 class=\"wp-block-heading\">La pieuvre de r\u00e9cif<\/h3>\n\n\n\n<p class=\"has-tertiary-color has-text-color has-link-color wp-elements-ff6d710ea95d831b2bc27a4ddcd4861e\"><em>Octopus cyanea<\/em><\/p>\n\n\n\n<p>La&nbsp;<strong>pieuvre de r\u00e9cif<\/strong>&nbsp;(<em>Octopus cyanea<\/em>), aussi appel\u00e9e pieuvre diurne ou pieuvre \u00e0 taches bleues (\u00e0 ne pas confondre avec la pieuvre \u00e0 anneaux bleus), est une esp\u00e8ce de c\u00e9phalopode appartenant \u00e0 la famille des Octopodidae. Pr\u00e9sente dans les r\u00e9cifs coralliens tropicaux de l\u2019oc\u00e9an Indien et du Pacifique, elle est connue pour son intelligence, sa capacit\u00e9 de camouflage et son activit\u00e9 diurne inhabituelle chez les pieuvres.<\/p>\n<\/div>\n\n\n\n<div class=\"wp-block-column is-style-default is-layout-flow wp-block-column-is-layout-flow\" style=\"border-style:none;border-width:0px;padding-top:0;padding-right:0;padding-bottom:0;padding-left:0\">\n<figure class=\"wp-block-image size-full\"><img loading=\"lazy\" decoding=\"async\" width=\"1928\" height=\"2560\" src=\"http:\/\/pieuvredumbo.com\/wp-content\/uploads\/2026\/03\/octopus-seen-its-underwater-natural-habitat-scaled.jpg\" alt=\"Esp\u00e8ce de pieuvre commune\" class=\"wp-image-240\" srcset=\"https:\/\/pieuvredumbo.com\/wp-content\/uploads\/2026\/03\/octopus-seen-its-underwater-natural-habitat-scaled.jpg 1928w, https:\/\/pieuvredumbo.com\/wp-content\/uploads\/2026\/03\/octopus-seen-its-underwater-natural-habitat-226x300.jpg 226w, https:\/\/pieuvredumbo.com\/wp-content\/uploads\/2026\/03\/octopus-seen-its-underwater-natural-habitat-771x1024.jpg 771w, https:\/\/pieuvredumbo.com\/wp-content\/uploads\/2026\/03\/octopus-seen-its-underwater-natural-habitat-2000x2655.jpg 2000w\" sizes=\"auto, (max-width: 1928px) 100vw, 1928px\" \/><\/figure>\n\n\n\n<h3 class=\"wp-block-heading\">La pieuvre commune<\/h3>\n\n\n\n<p class=\"has-tertiary-color has-text-color has-link-color wp-elements-990586fa89c8a64c0e8baaff815361a3\"><em>Octopus vulgaris<\/em><\/p>\n\n\n\n<p>La&nbsp;<strong>pieuvre commune<\/strong>&nbsp;(<em>Octopus vulgaris<\/em>) est une esp\u00e8ce de c\u00e9phalopode appartenant \u00e0 la famille des Octopodidae. Pr\u00e9sente dans les mers temp\u00e9r\u00e9es et tropicales du globe, elle est l\u2019une des esp\u00e8ces de poulpes les plus \u00e9tudi\u00e9es et embl\u00e9matiques. Son intelligence, sa capacit\u00e9 de camouflage et son importance \u00e9cologique et gastronomique la rendent particuli\u00e8rement remarquable.<\/p>\n<\/div>\n\n\n\n<div class=\"wp-block-column is-style-default is-layout-flow wp-block-column-is-layout-flow\" style=\"border-style:none;border-width:0px;padding-top:0;padding-right:0;padding-bottom:0;padding-left:0\">\n<figure class=\"wp-block-image size-full\"><img loading=\"lazy\" decoding=\"async\" width=\"1928\" height=\"2560\" src=\"http:\/\/pieuvredumbo.com\/wp-content\/uploads\/2026\/03\/octopus-seen-its-underwater-natural-habitat-1-1-scaled.jpg\" alt=\"Esp\u00e8ce de pieuvre g\u00e9ante du Pacifique\" class=\"wp-image-243\" srcset=\"https:\/\/pieuvredumbo.com\/wp-content\/uploads\/2026\/03\/octopus-seen-its-underwater-natural-habitat-1-1-scaled.jpg 1928w, https:\/\/pieuvredumbo.com\/wp-content\/uploads\/2026\/03\/octopus-seen-its-underwater-natural-habitat-1-1-226x300.jpg 226w, https:\/\/pieuvredumbo.com\/wp-content\/uploads\/2026\/03\/octopus-seen-its-underwater-natural-habitat-1-1-771x1024.jpg 771w, https:\/\/pieuvredumbo.com\/wp-content\/uploads\/2026\/03\/octopus-seen-its-underwater-natural-habitat-1-1-2000x2655.jpg 2000w\" sizes=\"auto, (max-width: 1928px) 100vw, 1928px\" \/><\/figure>\n\n\n\n<h3 class=\"wp-block-heading\">La pieuvre g\u00e9ante du Pacifique<\/h3>\n\n\n\n<p class=\"has-tertiary-color has-text-color has-link-color wp-elements-a871dfae09eb75c78f080982fa4a87e5\"><em>Enteroctopus dofleini<\/em><\/p>\n\n\n\n<p>La&nbsp;<strong><a href=\"https:\/\/www.nationalgeographic.fr\/thematique\/sujet\/animaux\/invertebres\/mollusques\/cephalopode\/pieuvres\/pieuvre-geante-du-pacifique\" type=\"link\" id=\"https:\/\/www.nationalgeographic.fr\/thematique\/sujet\/animaux\/invertebres\/mollusques\/cephalopode\/pieuvres\/pieuvre-geante-du-pacifique\">pieuvre g\u00e9ante du Pacifique<\/a><\/strong>&nbsp;(<em>Enteroctopus dofleini<\/em>) est un c\u00e9phalopode marin de grande taille, r\u00e9put\u00e9 pour \u00eatre la plus grande esp\u00e8ce de pieuvre au monde. Pr\u00e9sente dans les eaux froides du Pacifique Nord, elle incarne l\u2019intelligence et les remarquables capacit\u00e9s de camouflage des mollusques.<\/p>\n<\/div>\n<\/div>\n\n\n\n<div class=\"wp-block-group is-layout-flow wp-block-group-is-layout-flow\">\n<hr class=\"wp-block-separator has-alpha-channel-opacity\"\/>\n\n\n\n<div style=\"height:0px\" aria-hidden=\"true\" class=\"wp-block-spacer\"><\/div>\n<\/div>\n<\/div>\n<\/div>\n\n\n\n<p><\/p>\n\n\n\n<div class=\"wp-block-group has-global-padding is-layout-constrained wp-block-group-is-layout-constrained\">\n<h2 class=\"wp-block-heading\">Trois esp\u00e8ces de pieuvre<\/h2>\n\n\n\n<div class=\"wp-block-columns is-layout-flex wp-container-core-columns-is-layout-28f84493 wp-block-columns-is-layout-flex\">\n<div class=\"wp-block-column is-layout-flow wp-block-column-is-layout-flow\">\n<figure class=\"wp-block-image size-full\"><img loading=\"lazy\" decoding=\"async\" width=\"976\" height=\"549\" src=\"http:\/\/pieuvredumbo.com\/wp-content\/uploads\/2026\/03\/120878537_4cfca0d7-2b27-474f-93b7-4c31269c5cdf.jpg\" alt=\"Esp\u00e8ce de Pieuvre commune orange\" class=\"wp-image-408\" srcset=\"https:\/\/pieuvredumbo.com\/wp-content\/uploads\/2026\/03\/120878537_4cfca0d7-2b27-474f-93b7-4c31269c5cdf.jpg 976w, https:\/\/pieuvredumbo.com\/wp-content\/uploads\/2026\/03\/120878537_4cfca0d7-2b27-474f-93b7-4c31269c5cdf-300x169.jpg 300w\" sizes=\"auto, (max-width: 976px) 100vw, 976px\" \/><\/figure>\n\n\n\n<h2 class=\"wp-block-heading\">La pieuvre classique<\/h2>\n\n\n\n<p>La <a href=\"https:\/\/pieuvredumbo.com\/index.php\/2026\/02\/16\/pieuvredumboetpieuvreclassique\/\" type=\"post\" id=\"1\">pieuvre classique<\/a> ou commune est sans doute l<strong>\u2019esp\u00e8ce la plus connue<\/strong>. Pr\u00e9sente dans les eaux temp\u00e9r\u00e9es et tropicales du monde entier, notamment en M\u00e9diterran\u00e9e, elle est facilement reconnaissable \u00e0 son corps souple et ses huit bras munis de ventouses. Elle mesure <strong>jusqu\u2019\u00e0 1 m\u00e8tre<\/strong> et sa couleur est tr\u00e8s variable gr\u00e2ce \u00e0 son camouflage. <\/p>\n<\/div>\n\n\n\n<div class=\"wp-block-column is-layout-flow wp-block-column-is-layout-flow\">\n<figure class=\"wp-block-image size-large\"><img loading=\"lazy\" decoding=\"async\" width=\"1024\" height=\"576\" src=\"http:\/\/pieuvredumbo.com\/wp-content\/uploads\/2026\/03\/pieuvre-anneaux-bleus-morsure-mortelle-australie-couv-1024x576.webp\" alt=\"Esp\u00e8ce de Pieuvre \u00e0 anneaux bleus\" class=\"wp-image-316\" srcset=\"https:\/\/pieuvredumbo.com\/wp-content\/uploads\/2026\/03\/pieuvre-anneaux-bleus-morsure-mortelle-australie-couv-1024x576.webp 1024w, https:\/\/pieuvredumbo.com\/wp-content\/uploads\/2026\/03\/pieuvre-anneaux-bleus-morsure-mortelle-australie-couv-300x169.webp 300w, https:\/\/pieuvredumbo.com\/wp-content\/uploads\/2026\/03\/pieuvre-anneaux-bleus-morsure-mortelle-australie-couv.webp 1200w\" sizes=\"auto, (max-width: 1024px) 100vw, 1024px\" \/><\/figure>\n\n\n\n<h2 class=\"wp-block-heading\">La pieuvre \u00e0 anneaux bleus<\/h2>\n\n\n\n<p>Petite mais redoutable, la pieuvre \u00e0 anneaux bleus est <strong>l\u2019une des esp\u00e8ces les plus venimeuses au monde<\/strong>. On la trouve principalement au niveau des r\u00e9cifs coralliens et zones rocheuses dans les eaux peu profondes de l\u2019oc\u00e9an Pacifique, notamment pr\u00e8s de l\u2019Australie. Elle mesure <strong>entre 10 \u00e0 20 cm<\/strong> et est <strong>beige avec des anneaux bleus brillants<\/strong>. <\/p>\n<\/div>\n\n\n\n<div class=\"wp-block-column is-layout-flow wp-block-column-is-layout-flow\">\n<figure class=\"wp-block-image size-large is-resized\"><img loading=\"lazy\" decoding=\"async\" width=\"1024\" height=\"576\" src=\"http:\/\/pieuvredumbo.com\/wp-content\/uploads\/2026\/03\/comment-les-pieuvres-parviennent-elles-a-se-camoufler-si-rapidement-1024x576.jpg\" alt=\"Esp\u00e8ce de Pieuvre mim\u00e9tique\" class=\"wp-image-433\" style=\"aspect-ratio:1.4993032414419873;width:318px;height:auto\" srcset=\"https:\/\/pieuvredumbo.com\/wp-content\/uploads\/2026\/03\/comment-les-pieuvres-parviennent-elles-a-se-camoufler-si-rapidement-1024x576.jpg 1024w, https:\/\/pieuvredumbo.com\/wp-content\/uploads\/2026\/03\/comment-les-pieuvres-parviennent-elles-a-se-camoufler-si-rapidement-300x169.jpg 300w, https:\/\/pieuvredumbo.com\/wp-content\/uploads\/2026\/03\/comment-les-pieuvres-parviennent-elles-a-se-camoufler-si-rapidement.jpg 1200w\" sizes=\"auto, (max-width: 1024px) 100vw, 1024px\" \/><\/figure>\n\n\n\n<h2 class=\"wp-block-heading\">La pieuvre mim\u00e9tique<\/h2>\n\n\n\n<p>D\u00e9couverte relativement r\u00e9cemment, la pieuvre mim\u00e9tique est c\u00e9l\u00e8bre pour son incroyable <a href=\"https:\/\/pieuvredumbo.com\/index.php\/intelligence-et-camouflage\/\" type=\"page\" id=\"73\">intelligence et camouflage<\/a> et sa capacit\u00e9 \u00e0 imiter d\u2019autres animaux marins. On la retrouve dans les fonds sableux en Asie du Sud-Est. Elle mesure <strong>jusqu&rsquo;\u00e0 jusqu\u2019\u00e0 60 cm<\/strong> et est de couleur brun clair avec motifs.<\/p>\n<\/div>\n<\/div>\n<\/div>\n\n\n\n<p><\/p>\n\n\n\n<p><\/p>\n","protected":false},"excerpt":{"rendered":"<p>Les poulpes, aussi appel\u00e9s pieuvres, comptent parmi les cr\u00e9atures marines les plus intelligentes et myst\u00e9rieuses de l\u2019oc\u00e9an. Gr\u00e2ce \u00e0 leur capacit\u00e9 de camouflage, leur agilit\u00e9 et leur \u00e9tonnante intelligence, ils fascinent autant les scientifiques que le grand public. D\u00e9couvrez trois types et trois esp\u00e8ces embl\u00e9matiques aux caract\u00e9ristiques uniques. Les diff\u00e9rents types de pieuvre La pieuvre &hellip; <\/p>\n<p class=\"link-more\"><a href=\"https:\/\/pieuvredumbo.com\/index.php\/les-differentes-especes\/\" class=\"more-link\">Lire la suite de<span class=\"screen-reader-text\">\u00ab\u00a0Les diff\u00e9rentes esp\u00e8ces de pieuvre\u00a0\u00bb<\/span><\/a><\/p>\n","protected":false},"author":1,"featured_media":0,"parent":0,"menu_order":0,"comment_status":"closed","ping_status":"closed","template":"","meta":{"inspiro_hide_title":false,"footnotes":""},"class_list":["post-74","page","type-page","status-publish","hentry"],"yoast_head":"<!-- This site is optimized with the Yoast SEO plugin v27.1.1 - https:\/\/yoast.com\/product\/yoast-seo-wordpress\/ -->\n<title>Les diff\u00e9rentes esp\u00e8ces de pieuvre - Pieuvre Dumbo<\/title>\n<meta name=\"description\" content=\"D\u00e9couvrez trois esp\u00e8ces fascinantes de poulpes : la pieuvre commune, la pieuvre \u00e0 anneaux bleus et la pieuvre mim\u00e9tique.\" \/>\n<meta name=\"robots\" content=\"index, follow, max-snippet:-1, max-image-preview:large, max-video-preview:-1\" \/>\n<link rel=\"canonical\" href=\"https:\/\/pieuvredumbo.com\/index.php\/les-differentes-especes\/\" \/>\n<meta property=\"og:locale\" content=\"fr_FR\" \/>\n<meta property=\"og:type\" content=\"article\" \/>\n<meta property=\"og:title\" content=\"Les diff\u00e9rentes esp\u00e8ces de pieuvre - Pieuvre Dumbo\" \/>\n<meta property=\"og:description\" content=\"D\u00e9couvrez trois esp\u00e8ces fascinantes de poulpes : la pieuvre commune, la pieuvre \u00e0 anneaux bleus et la pieuvre mim\u00e9tique.\" \/>\n<meta property=\"og:url\" content=\"https:\/\/pieuvredumbo.com\/index.php\/les-differentes-especes\/\" \/>\n<meta property=\"og:site_name\" content=\"Pieuvre Dumbo\" \/>\n<meta property=\"article:modified_time\" content=\"2026-04-02T12:55:10+00:00\" \/>\n<meta property=\"og:image\" content=\"http:\/\/pieuvredumbo.com\/wp-content\/uploads\/2026\/03\/Faits-surprenants-ocean-vague.jpg\" \/>\n<meta name=\"twitter:card\" content=\"summary_large_image\" \/>\n<meta name=\"twitter:label1\" content=\"Dur\u00e9e de lecture estim\u00e9e\" \/>\n\t<meta name=\"twitter:data1\" content=\"4 minutes\" \/>\n<script type=\"application\/ld+json\" class=\"yoast-schema-graph\">{\"@context\":\"https:\/\/schema.org\",\"@graph\":[{\"@type\":\"WebPage\",\"@id\":\"https:\/\/pieuvredumbo.com\/index.php\/les-differentes-especes\/\",\"url\":\"https:\/\/pieuvredumbo.com\/index.php\/les-differentes-especes\/\",\"name\":\"Les diff\u00e9rentes esp\u00e8ces de pieuvre - Pieuvre Dumbo\",\"isPartOf\":{\"@id\":\"http:\/\/pieuvredumbo.com\/#website\"},\"primaryImageOfPage\":{\"@id\":\"https:\/\/pieuvredumbo.com\/index.php\/les-differentes-especes\/#primaryimage\"},\"image\":{\"@id\":\"https:\/\/pieuvredumbo.com\/index.php\/les-differentes-especes\/#primaryimage\"},\"thumbnailUrl\":\"http:\/\/pieuvredumbo.com\/wp-content\/uploads\/2026\/03\/Faits-surprenants-ocean-vague.jpg\",\"datePublished\":\"2026-03-15T14:19:25+00:00\",\"dateModified\":\"2026-04-02T12:55:10+00:00\",\"description\":\"D\u00e9couvrez trois esp\u00e8ces fascinantes de poulpes : la pieuvre commune, la pieuvre \u00e0 anneaux bleus et la pieuvre mim\u00e9tique.\",\"breadcrumb\":{\"@id\":\"https:\/\/pieuvredumbo.com\/index.php\/les-differentes-especes\/#breadcrumb\"},\"inLanguage\":\"fr-FR\",\"potentialAction\":[{\"@type\":\"ReadAction\",\"target\":[\"https:\/\/pieuvredumbo.com\/index.php\/les-differentes-especes\/\"]}]},{\"@type\":\"ImageObject\",\"inLanguage\":\"fr-FR\",\"@id\":\"https:\/\/pieuvredumbo.com\/index.php\/les-differentes-especes\/#primaryimage\",\"url\":\"https:\/\/pieuvredumbo.com\/wp-content\/uploads\/2026\/03\/Faits-surprenants-ocean-vague.jpg\",\"contentUrl\":\"https:\/\/pieuvredumbo.com\/wp-content\/uploads\/2026\/03\/Faits-surprenants-ocean-vague.jpg\",\"width\":650,\"height\":366},{\"@type\":\"BreadcrumbList\",\"@id\":\"https:\/\/pieuvredumbo.com\/index.php\/les-differentes-especes\/#breadcrumb\",\"itemListElement\":[{\"@type\":\"ListItem\",\"position\":1,\"name\":\"Accueil\",\"item\":\"http:\/\/pieuvredumbo.com\/\"},{\"@type\":\"ListItem\",\"position\":2,\"name\":\"Les diff\u00e9rentes esp\u00e8ces de pieuvre\"}]},{\"@type\":\"WebSite\",\"@id\":\"http:\/\/pieuvredumbo.com\/#website\",\"url\":\"http:\/\/pieuvredumbo.com\/\",\"name\":\"Pieuvre Dumbo\",\"description\":\"Grimpoteuthis\",\"publisher\":{\"@id\":\"http:\/\/pieuvredumbo.com\/#organization\"},\"potentialAction\":[{\"@type\":\"SearchAction\",\"target\":{\"@type\":\"EntryPoint\",\"urlTemplate\":\"http:\/\/pieuvredumbo.com\/?s={search_term_string}\"},\"query-input\":{\"@type\":\"PropertyValueSpecification\",\"valueRequired\":true,\"valueName\":\"search_term_string\"}}],\"inLanguage\":\"fr-FR\"},{\"@type\":\"Organization\",\"@id\":\"http:\/\/pieuvredumbo.com\/#organization\",\"name\":\"Pieuvre Dumbo\",\"url\":\"http:\/\/pieuvredumbo.com\/\",\"logo\":{\"@type\":\"ImageObject\",\"inLanguage\":\"fr-FR\",\"@id\":\"http:\/\/pieuvredumbo.com\/#\/schema\/logo\/image\/\",\"url\":\"http:\/\/pieuvredumbo.com\/wp-content\/uploads\/2026\/03\/cropped-Design_sans_titre-removebg-preview.png\",\"contentUrl\":\"http:\/\/pieuvredumbo.com\/wp-content\/uploads\/2026\/03\/cropped-Design_sans_titre-removebg-preview.png\",\"width\":500,\"height\":500,\"caption\":\"Pieuvre Dumbo\"},\"image\":{\"@id\":\"http:\/\/pieuvredumbo.com\/#\/schema\/logo\/image\/\"}}]}<\/script>\n<!-- \/ Yoast SEO plugin. -->","yoast_head_json":{"title":"Les diff\u00e9rentes esp\u00e8ces de pieuvre - Pieuvre Dumbo","description":"D\u00e9couvrez trois esp\u00e8ces fascinantes de poulpes : la pieuvre commune, la pieuvre \u00e0 anneaux bleus et la pieuvre mim\u00e9tique.","robots":{"index":"index","follow":"follow","max-snippet":"max-snippet:-1","max-image-preview":"max-image-preview:large","max-video-preview":"max-video-preview:-1"},"canonical":"https:\/\/pieuvredumbo.com\/index.php\/les-differentes-especes\/","og_locale":"fr_FR","og_type":"article","og_title":"Les diff\u00e9rentes esp\u00e8ces de pieuvre - Pieuvre Dumbo","og_description":"D\u00e9couvrez trois esp\u00e8ces fascinantes de poulpes : la pieuvre commune, la pieuvre \u00e0 anneaux bleus et la pieuvre mim\u00e9tique.","og_url":"https:\/\/pieuvredumbo.com\/index.php\/les-differentes-especes\/","og_site_name":"Pieuvre Dumbo","article_modified_time":"2026-04-02T12:55:10+00:00","og_image":[{"url":"http:\/\/pieuvredumbo.com\/wp-content\/uploads\/2026\/03\/Faits-surprenants-ocean-vague.jpg","type":"","width":"","height":""}],"twitter_card":"summary_large_image","twitter_misc":{"Dur\u00e9e de lecture estim\u00e9e":"4 minutes"},"schema":{"@context":"https:\/\/schema.org","@graph":[{"@type":"WebPage","@id":"https:\/\/pieuvredumbo.com\/index.php\/les-differentes-especes\/","url":"https:\/\/pieuvredumbo.com\/index.php\/les-differentes-especes\/","name":"Les diff\u00e9rentes esp\u00e8ces de pieuvre - Pieuvre Dumbo","isPartOf":{"@id":"http:\/\/pieuvredumbo.com\/#website"},"primaryImageOfPage":{"@id":"https:\/\/pieuvredumbo.com\/index.php\/les-differentes-especes\/#primaryimage"},"image":{"@id":"https:\/\/pieuvredumbo.com\/index.php\/les-differentes-especes\/#primaryimage"},"thumbnailUrl":"http:\/\/pieuvredumbo.com\/wp-content\/uploads\/2026\/03\/Faits-surprenants-ocean-vague.jpg","datePublished":"2026-03-15T14:19:25+00:00","dateModified":"2026-04-02T12:55:10+00:00","description":"D\u00e9couvrez trois esp\u00e8ces fascinantes de poulpes : la pieuvre commune, la pieuvre \u00e0 anneaux bleus et la pieuvre mim\u00e9tique.","breadcrumb":{"@id":"https:\/\/pieuvredumbo.com\/index.php\/les-differentes-especes\/#breadcrumb"},"inLanguage":"fr-FR","potentialAction":[{"@type":"ReadAction","target":["https:\/\/pieuvredumbo.com\/index.php\/les-differentes-especes\/"]}]},{"@type":"ImageObject","inLanguage":"fr-FR","@id":"https:\/\/pieuvredumbo.com\/index.php\/les-differentes-especes\/#primaryimage","url":"https:\/\/pieuvredumbo.com\/wp-content\/uploads\/2026\/03\/Faits-surprenants-ocean-vague.jpg","contentUrl":"https:\/\/pieuvredumbo.com\/wp-content\/uploads\/2026\/03\/Faits-surprenants-ocean-vague.jpg","width":650,"height":366},{"@type":"BreadcrumbList","@id":"https:\/\/pieuvredumbo.com\/index.php\/les-differentes-especes\/#breadcrumb","itemListElement":[{"@type":"ListItem","position":1,"name":"Accueil","item":"http:\/\/pieuvredumbo.com\/"},{"@type":"ListItem","position":2,"name":"Les diff\u00e9rentes esp\u00e8ces de pieuvre"}]},{"@type":"WebSite","@id":"http:\/\/pieuvredumbo.com\/#website","url":"http:\/\/pieuvredumbo.com\/","name":"Pieuvre Dumbo","description":"Grimpoteuthis","publisher":{"@id":"http:\/\/pieuvredumbo.com\/#organization"},"potentialAction":[{"@type":"SearchAction","target":{"@type":"EntryPoint","urlTemplate":"http:\/\/pieuvredumbo.com\/?s={search_term_string}"},"query-input":{"@type":"PropertyValueSpecification","valueRequired":true,"valueName":"search_term_string"}}],"inLanguage":"fr-FR"},{"@type":"Organization","@id":"http:\/\/pieuvredumbo.com\/#organization","name":"Pieuvre Dumbo","url":"http:\/\/pieuvredumbo.com\/","logo":{"@type":"ImageObject","inLanguage":"fr-FR","@id":"http:\/\/pieuvredumbo.com\/#\/schema\/logo\/image\/","url":"http:\/\/pieuvredumbo.com\/wp-content\/uploads\/2026\/03\/cropped-Design_sans_titre-removebg-preview.png","contentUrl":"http:\/\/pieuvredumbo.com\/wp-content\/uploads\/2026\/03\/cropped-Design_sans_titre-removebg-preview.png","width":500,"height":500,"caption":"Pieuvre Dumbo"},"image":{"@id":"http:\/\/pieuvredumbo.com\/#\/schema\/logo\/image\/"}}]}},"_links":{"self":[{"href":"https:\/\/pieuvredumbo.com\/index.php\/wp-json\/wp\/v2\/pages\/74","targetHints":{"allow":["GET"]}}],"collection":[{"href":"https:\/\/pieuvredumbo.com\/index.php\/wp-json\/wp\/v2\/pages"}],"about":[{"href":"https:\/\/pieuvredumbo.com\/index.php\/wp-json\/wp\/v2\/types\/page"}],"author":[{"embeddable":true,"href":"https:\/\/pieuvredumbo.com\/index.php\/wp-json\/wp\/v2\/users\/1"}],"replies":[{"embeddable":true,"href":"https:\/\/pieuvredumbo.com\/index.php\/wp-json\/wp\/v2\/comments?post=74"}],"version-history":[{"count":45,"href":"https:\/\/pieuvredumbo.com\/index.php\/wp-json\/wp\/v2\/pages\/74\/revisions"}],"predecessor-version":[{"id":542,"href":"https:\/\/pieuvredumbo.com\/index.php\/wp-json\/wp\/v2\/pages\/74\/revisions\/542"}],"wp:attachment":[{"href":"https:\/\/pieuvredumbo.com\/index.php\/wp-json\/wp\/v2\/media?parent=74"}],"curies":[{"name":"wp","href":"https:\/\/api.w.org\/{rel}","templated":true}]}}