{"id":73,"date":"2026-03-15T14:19:25","date_gmt":"2026-03-15T14:19:25","guid":{"rendered":"https:\/\/pieuvredumbo.com\/?page_id=73"},"modified":"2026-03-29T20:17:34","modified_gmt":"2026-03-29T20:17:34","slug":"intelligence-et-camouflage","status":"publish","type":"page","link":"https:\/\/pieuvredumbo.com\/index.php\/intelligence-et-camouflage\/","title":{"rendered":"Intelligence et camouflage"},"content":{"rendered":"\n<p><strong>Un cerveau r\u00e9parti et une intelligence exceptionnelle<\/strong><br>La pieuvre est largement consid\u00e9r\u00e9e comme l&rsquo;invert\u00e9br\u00e9 le plus intelligent de la plan\u00e8te. Ce qui la rend unique, c&rsquo;est que son syst\u00e8me nerveux est d\u00e9centralis\u00e9 : sur ses 500 millions de neurones, les deux tiers sont situ\u00e9s directement dans ses bras. Cela signifie que chaque bras poss\u00e8de une forme d&rsquo;autonomie et peut explorer, go\u00fbter et saisir des objets sans attendre l&rsquo;ordre direct du cerveau central. En captivit\u00e9, elles ont d\u00e9montr\u00e9 des capacit\u00e9s de m\u00e9morisation impressionnantes, apprenant \u00e0 d\u00e9visser des bocaux, \u00e0 utiliser des outils comme des noix de coco pour se prot\u00e9ger, et m\u00eame \u00e0 reconna\u00eetre les visages des humains qui les soignent.<\/p>\n\n\n\n<div class=\"wp-block-cover\"><img loading=\"lazy\" decoding=\"async\" width=\"1024\" height=\"576\" class=\"wp-block-cover__image-background wp-image-316\" alt=\"Pieuvre \u00e0 anneaux bleus\" src=\"http:\/\/pieuvredumbo.com\/wp-content\/uploads\/2026\/03\/pieuvre-anneaux-bleus-morsure-mortelle-australie-couv-1024x576.webp\" data-object-fit=\"cover\" srcset=\"https:\/\/pieuvredumbo.com\/wp-content\/uploads\/2026\/03\/pieuvre-anneaux-bleus-morsure-mortelle-australie-couv-1024x576.webp 1024w, https:\/\/pieuvredumbo.com\/wp-content\/uploads\/2026\/03\/pieuvre-anneaux-bleus-morsure-mortelle-australie-couv-300x169.webp 300w, https:\/\/pieuvredumbo.com\/wp-content\/uploads\/2026\/03\/pieuvre-anneaux-bleus-morsure-mortelle-australie-couv.webp 1200w\" sizes=\"auto, (max-width: 1024px) 100vw, 1024px\" \/><span aria-hidden=\"true\" class=\"wp-block-cover__background has-background-dim\"><\/span><div class=\"wp-block-cover__inner-container is-layout-flow wp-block-cover-is-layout-flow\">\n<p><\/p>\n<\/div><\/div>\n\n\n\n<p><\/p>\n\n\n\n<pre class=\"wp-block-code\"><code><strong>Le camouflage : l'art de l'invisibilit\u00e9 totale<\/strong>\nLe pouvoir le plus spectaculaire de la pieuvre reste sa capacit\u00e9 de camouflage, qui d\u00e9passe de loin celle du cam\u00e9l\u00e9on. Gr\u00e2ce \u00e0 des cellules pigmentaires sp\u00e9cialis\u00e9es appel\u00e9es chromatophores, elle peut modifier la couleur de sa peau en une fraction de seconde pour se fondre dans n'importe quel d\u00e9cor. Mais son talent ne s'arr\u00eate pas l\u00e0 : elle peut aussi transformer la texture de sa peau, la rendant lisse ou granuleuse pour imiter parfaitement un rocher ou un amas d'algues. Ce camouflage est \u00e0 la fois une arme redoutable pour surprendre ses proies et une protection vitale pour \u00e9chapper aux pr\u00e9dateurs dans un monde sous-marin o\u00f9 le danger est permanent.<\/code><\/pre>\n\n\n\n<p><\/p>\n","protected":false},"excerpt":{"rendered":"<p>Un cerveau r\u00e9parti et une intelligence exceptionnelleLa pieuvre est largement consid\u00e9r\u00e9e comme l&rsquo;invert\u00e9br\u00e9 le plus intelligent de la plan\u00e8te. Ce qui la rend unique, c&rsquo;est que son syst\u00e8me nerveux est d\u00e9centralis\u00e9 : sur ses 500 millions de neurones, les deux tiers sont situ\u00e9s directement dans ses bras. Cela signifie que chaque bras poss\u00e8de une forme &hellip; <\/p>\n<p class=\"link-more\"><a href=\"https:\/\/pieuvredumbo.com\/index.php\/intelligence-et-camouflage\/\" class=\"more-link\">Lire la suite de<span class=\"screen-reader-text\">\u00ab\u00a0Intelligence et camouflage\u00a0\u00bb<\/span><\/a><\/p>\n","protected":false},"author":1,"featured_media":316,"parent":0,"menu_order":0,"comment_status":"closed","ping_status":"closed","template":"","meta":{"inspiro_hide_title":false,"footnotes":""},"class_list":["post-73","page","type-page","status-publish","has-post-thumbnail","hentry"],"yoast_head":"<!-- This site is optimized with the Yoast SEO plugin v27.1.1 - https:\/\/yoast.com\/product\/yoast-seo-wordpress\/ -->\n<title>Intelligence et camouflage - Pieuvre Dumbo<\/title>\n<meta name=\"description\" content=\"Tout savoir sur la pieuvre Dumbo : caract\u00e9ristiques, alimentation et habitat abyssal. D\u00e9couvrez pourquoi ce c\u00e9phalopode fascinant ne ressemble \u00e0 aucun autre\" \/>\n<meta name=\"robots\" content=\"index, follow, max-snippet:-1, max-image-preview:large, max-video-preview:-1\" \/>\n<link rel=\"canonical\" href=\"https:\/\/pieuvredumbo.com\/index.php\/intelligence-et-camouflage\/\" \/>\n<meta property=\"og:locale\" content=\"fr_FR\" \/>\n<meta property=\"og:type\" content=\"article\" \/>\n<meta property=\"og:title\" content=\"Intelligence et camouflage - Pieuvre Dumbo\" \/>\n<meta property=\"og:description\" content=\"Tout savoir sur la pieuvre Dumbo : caract\u00e9ristiques, alimentation et habitat abyssal. D\u00e9couvrez pourquoi ce c\u00e9phalopode fascinant ne ressemble \u00e0 aucun autre\" \/>\n<meta property=\"og:url\" content=\"https:\/\/pieuvredumbo.com\/index.php\/intelligence-et-camouflage\/\" \/>\n<meta property=\"og:site_name\" content=\"Pieuvre Dumbo\" \/>\n<meta property=\"article:modified_time\" content=\"2026-03-29T20:17:34+00:00\" \/>\n<meta property=\"og:image\" content=\"https:\/\/pieuvredumbo.com\/wp-content\/uploads\/2026\/03\/pieuvre-anneaux-bleus-morsure-mortelle-australie-couv.webp\" \/>\n\t<meta property=\"og:image:width\" content=\"1200\" \/>\n\t<meta property=\"og:image:height\" content=\"675\" \/>\n\t<meta property=\"og:image:type\" content=\"image\/webp\" \/>\n<meta name=\"twitter:card\" content=\"summary_large_image\" \/>\n<meta name=\"twitter:label1\" content=\"Dur\u00e9e de lecture estim\u00e9e\" \/>\n\t<meta name=\"twitter:data1\" content=\"1 minute\" \/>\n<script type=\"application\/ld+json\" class=\"yoast-schema-graph\">{\"@context\":\"https:\/\/schema.org\",\"@graph\":[{\"@type\":\"WebPage\",\"@id\":\"https:\/\/pieuvredumbo.com\/index.php\/intelligence-et-camouflage\/\",\"url\":\"https:\/\/pieuvredumbo.com\/index.php\/intelligence-et-camouflage\/\",\"name\":\"Intelligence et camouflage - Pieuvre Dumbo\",\"isPartOf\":{\"@id\":\"http:\/\/pieuvredumbo.com\/#website\"},\"primaryImageOfPage\":{\"@id\":\"https:\/\/pieuvredumbo.com\/index.php\/intelligence-et-camouflage\/#primaryimage\"},\"image\":{\"@id\":\"https:\/\/pieuvredumbo.com\/index.php\/intelligence-et-camouflage\/#primaryimage\"},\"thumbnailUrl\":\"https:\/\/pieuvredumbo.com\/wp-content\/uploads\/2026\/03\/pieuvre-anneaux-bleus-morsure-mortelle-australie-couv.webp\",\"datePublished\":\"2026-03-15T14:19:25+00:00\",\"dateModified\":\"2026-03-29T20:17:34+00:00\",\"description\":\"Tout savoir sur la pieuvre Dumbo : caract\u00e9ristiques, alimentation et habitat abyssal. D\u00e9couvrez pourquoi ce c\u00e9phalopode fascinant ne ressemble \u00e0 aucun autre\",\"breadcrumb\":{\"@id\":\"https:\/\/pieuvredumbo.com\/index.php\/intelligence-et-camouflage\/#breadcrumb\"},\"inLanguage\":\"fr-FR\",\"potentialAction\":[{\"@type\":\"ReadAction\",\"target\":[\"https:\/\/pieuvredumbo.com\/index.php\/intelligence-et-camouflage\/\"]}]},{\"@type\":\"ImageObject\",\"inLanguage\":\"fr-FR\",\"@id\":\"https:\/\/pieuvredumbo.com\/index.php\/intelligence-et-camouflage\/#primaryimage\",\"url\":\"https:\/\/pieuvredumbo.com\/wp-content\/uploads\/2026\/03\/pieuvre-anneaux-bleus-morsure-mortelle-australie-couv.webp\",\"contentUrl\":\"https:\/\/pieuvredumbo.com\/wp-content\/uploads\/2026\/03\/pieuvre-anneaux-bleus-morsure-mortelle-australie-couv.webp\",\"width\":1200,\"height\":675,\"caption\":\"Esp\u00e8ce de Pieuvre \u00e0 anneaux bleus\"},{\"@type\":\"BreadcrumbList\",\"@id\":\"https:\/\/pieuvredumbo.com\/index.php\/intelligence-et-camouflage\/#breadcrumb\",\"itemListElement\":[{\"@type\":\"ListItem\",\"position\":1,\"name\":\"Accueil\",\"item\":\"http:\/\/pieuvredumbo.com\/\"},{\"@type\":\"ListItem\",\"position\":2,\"name\":\"Intelligence et camouflage\"}]},{\"@type\":\"WebSite\",\"@id\":\"http:\/\/pieuvredumbo.com\/#website\",\"url\":\"http:\/\/pieuvredumbo.com\/\",\"name\":\"Pieuvre Dumbo\",\"description\":\"Grimpoteuthis\",\"publisher\":{\"@id\":\"http:\/\/pieuvredumbo.com\/#organization\"},\"potentialAction\":[{\"@type\":\"SearchAction\",\"target\":{\"@type\":\"EntryPoint\",\"urlTemplate\":\"http:\/\/pieuvredumbo.com\/?s={search_term_string}\"},\"query-input\":{\"@type\":\"PropertyValueSpecification\",\"valueRequired\":true,\"valueName\":\"search_term_string\"}}],\"inLanguage\":\"fr-FR\"},{\"@type\":\"Organization\",\"@id\":\"http:\/\/pieuvredumbo.com\/#organization\",\"name\":\"Pieuvre Dumbo\",\"url\":\"http:\/\/pieuvredumbo.com\/\",\"logo\":{\"@type\":\"ImageObject\",\"inLanguage\":\"fr-FR\",\"@id\":\"http:\/\/pieuvredumbo.com\/#\/schema\/logo\/image\/\",\"url\":\"http:\/\/pieuvredumbo.com\/wp-content\/uploads\/2026\/03\/cropped-Design_sans_titre-removebg-preview.png\",\"contentUrl\":\"http:\/\/pieuvredumbo.com\/wp-content\/uploads\/2026\/03\/cropped-Design_sans_titre-removebg-preview.png\",\"width\":500,\"height\":500,\"caption\":\"Pieuvre Dumbo\"},\"image\":{\"@id\":\"http:\/\/pieuvredumbo.com\/#\/schema\/logo\/image\/\"}}]}<\/script>\n<!-- \/ Yoast SEO plugin. -->","yoast_head_json":{"title":"Intelligence et camouflage - Pieuvre Dumbo","description":"Tout savoir sur la pieuvre Dumbo : caract\u00e9ristiques, alimentation et habitat abyssal. D\u00e9couvrez pourquoi ce c\u00e9phalopode fascinant ne ressemble \u00e0 aucun autre","robots":{"index":"index","follow":"follow","max-snippet":"max-snippet:-1","max-image-preview":"max-image-preview:large","max-video-preview":"max-video-preview:-1"},"canonical":"https:\/\/pieuvredumbo.com\/index.php\/intelligence-et-camouflage\/","og_locale":"fr_FR","og_type":"article","og_title":"Intelligence et camouflage - Pieuvre Dumbo","og_description":"Tout savoir sur la pieuvre Dumbo : caract\u00e9ristiques, alimentation et habitat abyssal. D\u00e9couvrez pourquoi ce c\u00e9phalopode fascinant ne ressemble \u00e0 aucun autre","og_url":"https:\/\/pieuvredumbo.com\/index.php\/intelligence-et-camouflage\/","og_site_name":"Pieuvre Dumbo","article_modified_time":"2026-03-29T20:17:34+00:00","og_image":[{"width":1200,"height":675,"url":"https:\/\/pieuvredumbo.com\/wp-content\/uploads\/2026\/03\/pieuvre-anneaux-bleus-morsure-mortelle-australie-couv.webp","type":"image\/webp"}],"twitter_card":"summary_large_image","twitter_misc":{"Dur\u00e9e de lecture estim\u00e9e":"1 minute"},"schema":{"@context":"https:\/\/schema.org","@graph":[{"@type":"WebPage","@id":"https:\/\/pieuvredumbo.com\/index.php\/intelligence-et-camouflage\/","url":"https:\/\/pieuvredumbo.com\/index.php\/intelligence-et-camouflage\/","name":"Intelligence et camouflage - Pieuvre Dumbo","isPartOf":{"@id":"http:\/\/pieuvredumbo.com\/#website"},"primaryImageOfPage":{"@id":"https:\/\/pieuvredumbo.com\/index.php\/intelligence-et-camouflage\/#primaryimage"},"image":{"@id":"https:\/\/pieuvredumbo.com\/index.php\/intelligence-et-camouflage\/#primaryimage"},"thumbnailUrl":"https:\/\/pieuvredumbo.com\/wp-content\/uploads\/2026\/03\/pieuvre-anneaux-bleus-morsure-mortelle-australie-couv.webp","datePublished":"2026-03-15T14:19:25+00:00","dateModified":"2026-03-29T20:17:34+00:00","description":"Tout savoir sur la pieuvre Dumbo : caract\u00e9ristiques, alimentation et habitat abyssal. D\u00e9couvrez pourquoi ce c\u00e9phalopode fascinant ne ressemble \u00e0 aucun autre","breadcrumb":{"@id":"https:\/\/pieuvredumbo.com\/index.php\/intelligence-et-camouflage\/#breadcrumb"},"inLanguage":"fr-FR","potentialAction":[{"@type":"ReadAction","target":["https:\/\/pieuvredumbo.com\/index.php\/intelligence-et-camouflage\/"]}]},{"@type":"ImageObject","inLanguage":"fr-FR","@id":"https:\/\/pieuvredumbo.com\/index.php\/intelligence-et-camouflage\/#primaryimage","url":"https:\/\/pieuvredumbo.com\/wp-content\/uploads\/2026\/03\/pieuvre-anneaux-bleus-morsure-mortelle-australie-couv.webp","contentUrl":"https:\/\/pieuvredumbo.com\/wp-content\/uploads\/2026\/03\/pieuvre-anneaux-bleus-morsure-mortelle-australie-couv.webp","width":1200,"height":675,"caption":"Esp\u00e8ce de Pieuvre \u00e0 anneaux bleus"},{"@type":"BreadcrumbList","@id":"https:\/\/pieuvredumbo.com\/index.php\/intelligence-et-camouflage\/#breadcrumb","itemListElement":[{"@type":"ListItem","position":1,"name":"Accueil","item":"http:\/\/pieuvredumbo.com\/"},{"@type":"ListItem","position":2,"name":"Intelligence et camouflage"}]},{"@type":"WebSite","@id":"http:\/\/pieuvredumbo.com\/#website","url":"http:\/\/pieuvredumbo.com\/","name":"Pieuvre Dumbo","description":"Grimpoteuthis","publisher":{"@id":"http:\/\/pieuvredumbo.com\/#organization"},"potentialAction":[{"@type":"SearchAction","target":{"@type":"EntryPoint","urlTemplate":"http:\/\/pieuvredumbo.com\/?s={search_term_string}"},"query-input":{"@type":"PropertyValueSpecification","valueRequired":true,"valueName":"search_term_string"}}],"inLanguage":"fr-FR"},{"@type":"Organization","@id":"http:\/\/pieuvredumbo.com\/#organization","name":"Pieuvre Dumbo","url":"http:\/\/pieuvredumbo.com\/","logo":{"@type":"ImageObject","inLanguage":"fr-FR","@id":"http:\/\/pieuvredumbo.com\/#\/schema\/logo\/image\/","url":"http:\/\/pieuvredumbo.com\/wp-content\/uploads\/2026\/03\/cropped-Design_sans_titre-removebg-preview.png","contentUrl":"http:\/\/pieuvredumbo.com\/wp-content\/uploads\/2026\/03\/cropped-Design_sans_titre-removebg-preview.png","width":500,"height":500,"caption":"Pieuvre Dumbo"},"image":{"@id":"http:\/\/pieuvredumbo.com\/#\/schema\/logo\/image\/"}}]}},"_links":{"self":[{"href":"https:\/\/pieuvredumbo.com\/index.php\/wp-json\/wp\/v2\/pages\/73","targetHints":{"allow":["GET"]}}],"collection":[{"href":"https:\/\/pieuvredumbo.com\/index.php\/wp-json\/wp\/v2\/pages"}],"about":[{"href":"https:\/\/pieuvredumbo.com\/index.php\/wp-json\/wp\/v2\/types\/page"}],"author":[{"embeddable":true,"href":"https:\/\/pieuvredumbo.com\/index.php\/wp-json\/wp\/v2\/users\/1"}],"replies":[{"embeddable":true,"href":"https:\/\/pieuvredumbo.com\/index.php\/wp-json\/wp\/v2\/comments?post=73"}],"version-history":[{"count":5,"href":"https:\/\/pieuvredumbo.com\/index.php\/wp-json\/wp\/v2\/pages\/73\/revisions"}],"predecessor-version":[{"id":403,"href":"https:\/\/pieuvredumbo.com\/index.php\/wp-json\/wp\/v2\/pages\/73\/revisions\/403"}],"wp:featuredmedia":[{"embeddable":true,"href":"https:\/\/pieuvredumbo.com\/index.php\/wp-json\/wp\/v2\/media\/316"}],"wp:attachment":[{"href":"https:\/\/pieuvredumbo.com\/index.php\/wp-json\/wp\/v2\/media?parent=73"}],"curies":[{"name":"wp","href":"https:\/\/api.w.org\/{rel}","templated":true}]}}