{"id":72,"date":"2026-03-15T14:19:25","date_gmt":"2026-03-15T14:19:25","guid":{"rendered":"https:\/\/pieuvredumbo.com\/?page_id=72"},"modified":"2026-03-29T19:45:39","modified_gmt":"2026-03-29T19:45:39","slug":"mode-de-vie-2","status":"publish","type":"page","link":"https:\/\/pieuvredumbo.com\/index.php\/mode-de-vie-2\/","title":{"rendered":"Mode de vie"},"content":{"rendered":"\n<figure class=\"wp-block-image aligncenter size-full\"><img loading=\"lazy\" decoding=\"async\" width=\"1000\" height=\"665\" src=\"https:\/\/pieuvredumbo.com\/wp-content\/uploads\/2026\/03\/pieuvre-geante-kraken-1000.jpg\" alt=\"\" class=\"wp-image-364\" srcset=\"https:\/\/pieuvredumbo.com\/wp-content\/uploads\/2026\/03\/pieuvre-geante-kraken-1000.jpg 1000w, https:\/\/pieuvredumbo.com\/wp-content\/uploads\/2026\/03\/pieuvre-geante-kraken-1000-300x200.jpg 300w\" sizes=\"auto, (max-width: 1000px) 100vw, 1000px\" \/><\/figure>\n\n\n\n<div class=\"wp-block-cover\"><span aria-hidden=\"true\" class=\"wp-block-cover__background has-background-dim\"><\/span><div class=\"wp-block-cover__inner-container is-layout-flow wp-block-cover-is-layout-flow\">\n<div class=\"wp-block-group is-vertical is-layout-flex wp-container-core-group-is-layout-fe9cc265 wp-block-group-is-layout-flex\">\n<p><strong>L&rsquo;habitat et la vie solitaire<\/strong><br>La pieuvre est un animal farouchement solitaire qui occupe tous les \u00e9cosyst\u00e8mes marins, des r\u00e9cifs coralliens tropicaux jusqu&rsquo;aux eaux glac\u00e9es des abysses. Elle s&rsquo;\u00e9tablit g\u00e9n\u00e9ralement dans une \u00ab\u00a0tani\u00e8re\u00a0\u00bb, un creux de rocher ou une petite grotte qu&rsquo;elle am\u00e9nage avec soin. On peut souvent rep\u00e9rer l&rsquo;entr\u00e9e de son abri gr\u00e2ce aux restes de coquillages et de carapaces de crabes qu&rsquo;elle laisse devant sa porte, formant ce que les scientifiques appellent parfois son \u00ab\u00a0jardin\u00a0\u00bb. Tr\u00e8s territoriale, elle ne tol\u00e8re que rarement la pr\u00e9sence de ses cong\u00e9n\u00e8res, sauf lors de la p\u00e9riode de reproduction.<\/p>\n\n\n\n<p><strong>Une pr\u00e9datrice strat\u00e9gique au cycle de vie court<\/strong><br>En tant que carnivore, la pieuvre est une chasseuse redoutable qui utilise principalement son sens du toucher et du go\u00fbt pour localiser ses proies. Elle se nourrit essentiellement de crustac\u00e9s, de poissons et de bivalves. Cependant, sa vie est marqu\u00e9e par une certaine trag\u00e9die : elle a une long\u00e9vit\u00e9 tr\u00e8s courte, ne vivant souvent que quelques ann\u00e9es. Le point final de son existence est la reproduction. Apr\u00e8s avoir pondu des milliers d&rsquo;\u0153ufs, la femelle cesse de se nourrir et consacre ses derni\u00e8res forces \u00e0 les ventiler et \u00e0 les prot\u00e9ger des pr\u00e9dateurs. Elle meurt d&rsquo;\u00e9puisement au moment pr\u00e9cis o\u00f9 ses petits \u00e9closent, laissant une nouvelle g\u00e9n\u00e9ration autonome d\u00e8s la naissance.<\/p>\n\n\n\n<p><\/p>\n<\/div>\n<\/div><\/div>\n\n\n\n<p><\/p>\n","protected":false},"excerpt":{"rendered":"","protected":false},"author":1,"featured_media":0,"parent":0,"menu_order":0,"comment_status":"closed","ping_status":"closed","template":"","meta":{"inspiro_hide_title":false,"footnotes":""},"class_list":["post-72","page","type-page","status-publish","hentry"],"yoast_head":"<!-- This site is optimized with the Yoast SEO plugin v27.1.1 - https:\/\/yoast.com\/product\/yoast-seo-wordpress\/ -->\n<title>Mode de vie - Pieuvre Dumbo<\/title>\n<meta name=\"robots\" content=\"index, follow, max-snippet:-1, max-image-preview:large, max-video-preview:-1\" \/>\n<link rel=\"canonical\" href=\"https:\/\/pieuvredumbo.com\/index.php\/mode-de-vie-2\/\" \/>\n<meta property=\"og:locale\" content=\"fr_FR\" \/>\n<meta property=\"og:type\" content=\"article\" \/>\n<meta property=\"og:title\" content=\"Mode de vie - Pieuvre Dumbo\" \/>\n<meta property=\"og:url\" content=\"https:\/\/pieuvredumbo.com\/index.php\/mode-de-vie-2\/\" \/>\n<meta property=\"og:site_name\" content=\"Pieuvre Dumbo\" \/>\n<meta property=\"article:modified_time\" content=\"2026-03-29T19:45:39+00:00\" \/>\n<meta property=\"og:image\" content=\"https:\/\/pieuvredumbo.com\/wp-content\/uploads\/2026\/03\/pieuvre-geante-kraken-1000.jpg\" \/>\n<meta name=\"twitter:card\" content=\"summary_large_image\" \/>\n<meta name=\"twitter:label1\" content=\"Dur\u00e9e de lecture estim\u00e9e\" \/>\n\t<meta name=\"twitter:data1\" content=\"2 minutes\" \/>\n<script type=\"application\/ld+json\" class=\"yoast-schema-graph\">{\"@context\":\"https:\/\/schema.org\",\"@graph\":[{\"@type\":\"WebPage\",\"@id\":\"https:\/\/pieuvredumbo.com\/index.php\/mode-de-vie-2\/\",\"url\":\"https:\/\/pieuvredumbo.com\/index.php\/mode-de-vie-2\/\",\"name\":\"Mode de vie - Pieuvre Dumbo\",\"isPartOf\":{\"@id\":\"http:\/\/pieuvredumbo.com\/#website\"},\"primaryImageOfPage\":{\"@id\":\"https:\/\/pieuvredumbo.com\/index.php\/mode-de-vie-2\/#primaryimage\"},\"image\":{\"@id\":\"https:\/\/pieuvredumbo.com\/index.php\/mode-de-vie-2\/#primaryimage\"},\"thumbnailUrl\":\"https:\/\/pieuvredumbo.com\/wp-content\/uploads\/2026\/03\/pieuvre-geante-kraken-1000.jpg\",\"datePublished\":\"2026-03-15T14:19:25+00:00\",\"dateModified\":\"2026-03-29T19:45:39+00:00\",\"breadcrumb\":{\"@id\":\"https:\/\/pieuvredumbo.com\/index.php\/mode-de-vie-2\/#breadcrumb\"},\"inLanguage\":\"fr-FR\",\"potentialAction\":[{\"@type\":\"ReadAction\",\"target\":[\"https:\/\/pieuvredumbo.com\/index.php\/mode-de-vie-2\/\"]}]},{\"@type\":\"ImageObject\",\"inLanguage\":\"fr-FR\",\"@id\":\"https:\/\/pieuvredumbo.com\/index.php\/mode-de-vie-2\/#primaryimage\",\"url\":\"https:\/\/pieuvredumbo.com\/wp-content\/uploads\/2026\/03\/pieuvre-geante-kraken-1000.jpg\",\"contentUrl\":\"https:\/\/pieuvredumbo.com\/wp-content\/uploads\/2026\/03\/pieuvre-geante-kraken-1000.jpg\",\"width\":1000,\"height\":665},{\"@type\":\"BreadcrumbList\",\"@id\":\"https:\/\/pieuvredumbo.com\/index.php\/mode-de-vie-2\/#breadcrumb\",\"itemListElement\":[{\"@type\":\"ListItem\",\"position\":1,\"name\":\"Accueil\",\"item\":\"http:\/\/pieuvredumbo.com\/\"},{\"@type\":\"ListItem\",\"position\":2,\"name\":\"Mode de vie\"}]},{\"@type\":\"WebSite\",\"@id\":\"http:\/\/pieuvredumbo.com\/#website\",\"url\":\"http:\/\/pieuvredumbo.com\/\",\"name\":\"Pieuvre Dumbo\",\"description\":\"Grimpoteuthis\",\"publisher\":{\"@id\":\"http:\/\/pieuvredumbo.com\/#organization\"},\"potentialAction\":[{\"@type\":\"SearchAction\",\"target\":{\"@type\":\"EntryPoint\",\"urlTemplate\":\"http:\/\/pieuvredumbo.com\/?s={search_term_string}\"},\"query-input\":{\"@type\":\"PropertyValueSpecification\",\"valueRequired\":true,\"valueName\":\"search_term_string\"}}],\"inLanguage\":\"fr-FR\"},{\"@type\":\"Organization\",\"@id\":\"http:\/\/pieuvredumbo.com\/#organization\",\"name\":\"Pieuvre Dumbo\",\"url\":\"http:\/\/pieuvredumbo.com\/\",\"logo\":{\"@type\":\"ImageObject\",\"inLanguage\":\"fr-FR\",\"@id\":\"http:\/\/pieuvredumbo.com\/#\/schema\/logo\/image\/\",\"url\":\"http:\/\/pieuvredumbo.com\/wp-content\/uploads\/2026\/03\/cropped-Design_sans_titre-removebg-preview.png\",\"contentUrl\":\"http:\/\/pieuvredumbo.com\/wp-content\/uploads\/2026\/03\/cropped-Design_sans_titre-removebg-preview.png\",\"width\":500,\"height\":500,\"caption\":\"Pieuvre Dumbo\"},\"image\":{\"@id\":\"http:\/\/pieuvredumbo.com\/#\/schema\/logo\/image\/\"}}]}<\/script>\n<!-- \/ Yoast SEO plugin. -->","yoast_head_json":{"title":"Mode de vie - Pieuvre Dumbo","robots":{"index":"index","follow":"follow","max-snippet":"max-snippet:-1","max-image-preview":"max-image-preview:large","max-video-preview":"max-video-preview:-1"},"canonical":"https:\/\/pieuvredumbo.com\/index.php\/mode-de-vie-2\/","og_locale":"fr_FR","og_type":"article","og_title":"Mode de vie - Pieuvre Dumbo","og_url":"https:\/\/pieuvredumbo.com\/index.php\/mode-de-vie-2\/","og_site_name":"Pieuvre Dumbo","article_modified_time":"2026-03-29T19:45:39+00:00","og_image":[{"url":"https:\/\/pieuvredumbo.com\/wp-content\/uploads\/2026\/03\/pieuvre-geante-kraken-1000.jpg","type":"","width":"","height":""}],"twitter_card":"summary_large_image","twitter_misc":{"Dur\u00e9e de lecture estim\u00e9e":"2 minutes"},"schema":{"@context":"https:\/\/schema.org","@graph":[{"@type":"WebPage","@id":"https:\/\/pieuvredumbo.com\/index.php\/mode-de-vie-2\/","url":"https:\/\/pieuvredumbo.com\/index.php\/mode-de-vie-2\/","name":"Mode de vie - Pieuvre Dumbo","isPartOf":{"@id":"http:\/\/pieuvredumbo.com\/#website"},"primaryImageOfPage":{"@id":"https:\/\/pieuvredumbo.com\/index.php\/mode-de-vie-2\/#primaryimage"},"image":{"@id":"https:\/\/pieuvredumbo.com\/index.php\/mode-de-vie-2\/#primaryimage"},"thumbnailUrl":"https:\/\/pieuvredumbo.com\/wp-content\/uploads\/2026\/03\/pieuvre-geante-kraken-1000.jpg","datePublished":"2026-03-15T14:19:25+00:00","dateModified":"2026-03-29T19:45:39+00:00","breadcrumb":{"@id":"https:\/\/pieuvredumbo.com\/index.php\/mode-de-vie-2\/#breadcrumb"},"inLanguage":"fr-FR","potentialAction":[{"@type":"ReadAction","target":["https:\/\/pieuvredumbo.com\/index.php\/mode-de-vie-2\/"]}]},{"@type":"ImageObject","inLanguage":"fr-FR","@id":"https:\/\/pieuvredumbo.com\/index.php\/mode-de-vie-2\/#primaryimage","url":"https:\/\/pieuvredumbo.com\/wp-content\/uploads\/2026\/03\/pieuvre-geante-kraken-1000.jpg","contentUrl":"https:\/\/pieuvredumbo.com\/wp-content\/uploads\/2026\/03\/pieuvre-geante-kraken-1000.jpg","width":1000,"height":665},{"@type":"BreadcrumbList","@id":"https:\/\/pieuvredumbo.com\/index.php\/mode-de-vie-2\/#breadcrumb","itemListElement":[{"@type":"ListItem","position":1,"name":"Accueil","item":"http:\/\/pieuvredumbo.com\/"},{"@type":"ListItem","position":2,"name":"Mode de vie"}]},{"@type":"WebSite","@id":"http:\/\/pieuvredumbo.com\/#website","url":"http:\/\/pieuvredumbo.com\/","name":"Pieuvre Dumbo","description":"Grimpoteuthis","publisher":{"@id":"http:\/\/pieuvredumbo.com\/#organization"},"potentialAction":[{"@type":"SearchAction","target":{"@type":"EntryPoint","urlTemplate":"http:\/\/pieuvredumbo.com\/?s={search_term_string}"},"query-input":{"@type":"PropertyValueSpecification","valueRequired":true,"valueName":"search_term_string"}}],"inLanguage":"fr-FR"},{"@type":"Organization","@id":"http:\/\/pieuvredumbo.com\/#organization","name":"Pieuvre Dumbo","url":"http:\/\/pieuvredumbo.com\/","logo":{"@type":"ImageObject","inLanguage":"fr-FR","@id":"http:\/\/pieuvredumbo.com\/#\/schema\/logo\/image\/","url":"http:\/\/pieuvredumbo.com\/wp-content\/uploads\/2026\/03\/cropped-Design_sans_titre-removebg-preview.png","contentUrl":"http:\/\/pieuvredumbo.com\/wp-content\/uploads\/2026\/03\/cropped-Design_sans_titre-removebg-preview.png","width":500,"height":500,"caption":"Pieuvre Dumbo"},"image":{"@id":"http:\/\/pieuvredumbo.com\/#\/schema\/logo\/image\/"}}]}},"_links":{"self":[{"href":"https:\/\/pieuvredumbo.com\/index.php\/wp-json\/wp\/v2\/pages\/72","targetHints":{"allow":["GET"]}}],"collection":[{"href":"https:\/\/pieuvredumbo.com\/index.php\/wp-json\/wp\/v2\/pages"}],"about":[{"href":"https:\/\/pieuvredumbo.com\/index.php\/wp-json\/wp\/v2\/types\/page"}],"author":[{"embeddable":true,"href":"https:\/\/pieuvredumbo.com\/index.php\/wp-json\/wp\/v2\/users\/1"}],"replies":[{"embeddable":true,"href":"https:\/\/pieuvredumbo.com\/index.php\/wp-json\/wp\/v2\/comments?post=72"}],"version-history":[{"count":3,"href":"https:\/\/pieuvredumbo.com\/index.php\/wp-json\/wp\/v2\/pages\/72\/revisions"}],"predecessor-version":[{"id":372,"href":"https:\/\/pieuvredumbo.com\/index.php\/wp-json\/wp\/v2\/pages\/72\/revisions\/372"}],"wp:attachment":[{"href":"https:\/\/pieuvredumbo.com\/index.php\/wp-json\/wp\/v2\/media?parent=72"}],"curies":[{"name":"wp","href":"https:\/\/api.w.org\/{rel}","templated":true}]}}