{"id":70,"date":"2026-03-15T14:19:25","date_gmt":"2026-03-15T14:19:25","guid":{"rendered":"https:\/\/pieuvredumbo.com\/?page_id=70"},"modified":"2026-03-29T20:15:30","modified_gmt":"2026-03-29T20:15:30","slug":"quest-ce-quune-pieuvre","status":"publish","type":"page","link":"https:\/\/pieuvredumbo.com\/index.php\/quest-ce-quune-pieuvre\/","title":{"rendered":"Qu\u2019est-ce qu\u2019une pieuvre Dumbo ?"},"content":{"rendered":"\n<p class=\"has-text-align-center\">\u2728<strong>L&rsquo;anatomie d&rsquo;un mollusque hors du commun<\/strong>\u2728<br>La pieuvre, que l&rsquo;on appelle aussi fr\u00e9quemment le poulpe, est un mollusque c\u00e9phalopode qui peuple nos oc\u00e9ans depuis pr\u00e8s de 300 millions d&rsquo;ann\u00e9es. Contrairement aux autres mollusques comme l&rsquo;escargot ou la moule, elle ne poss\u00e8de aucune coquille, ni interne ni externe. Son corps est enti\u00e8rement compos\u00e9 de muscles et de tissus souples, ce qui lui conf\u00e8re une agilit\u00e9 extraordinaire : elle est capable de compresser la totalit\u00e9 de son organisme pour se faufiler dans des interstices pas plus larges qu&rsquo;une pi\u00e8ce de monnaie. Son seul point rigide est un bec puissant, situ\u00e9 au centre de ses bras, qu&rsquo;elle utilise pour briser les carapaces de ses proies.<\/p>\n\n\n\n<p class=\"has-text-align-center\">\u2728<strong>Un syst\u00e8me vital complexe et fascinant<\/strong>\u2728<br>Sur le plan physiologique, la pieuvre semble presque extraterrestre. Elle poss\u00e8de trois c\u0153urs qui travaillent de concert : deux sont charg\u00e9s de propulser le sang vers les branchies pour l&rsquo;oxyg\u00e9ner, tandis que le troisi\u00e8me fait circuler ce sang dans tout le reste du corps. Une autre particularit\u00e9 frappante est la couleur de son sang, qui est bleu et non rouge. Cette couleur est due \u00e0 la pr\u00e9sence d&rsquo;h\u00e9mocyanine, une prot\u00e9ine riche en cuivre, bien plus efficace que notre fer (h\u00e9moglobine) pour transporter l&rsquo;oxyg\u00e8ne dans les eaux froides et pauvres en oxyg\u00e8ne des profondeurs marines.<\/p>\n\n\n\n<div class=\"wp-block-columns is-layout-flex wp-container-core-columns-is-layout-28f84493 wp-block-columns-is-layout-flex\">\n<div class=\"wp-block-column is-layout-flow wp-block-column-is-layout-flow\" style=\"flex-basis:100%\">\n<hr class=\"wp-block-separator has-alpha-channel-opacity\"\/>\n<\/div>\n<\/div>\n\n\n\n<p><\/p>\n","protected":false},"excerpt":{"rendered":"<p>\u2728L&rsquo;anatomie d&rsquo;un mollusque hors du commun\u2728La pieuvre, que l&rsquo;on appelle aussi fr\u00e9quemment le poulpe, est un mollusque c\u00e9phalopode qui peuple nos oc\u00e9ans depuis pr\u00e8s de 300 millions d&rsquo;ann\u00e9es. Contrairement aux autres mollusques comme l&rsquo;escargot ou la moule, elle ne poss\u00e8de aucune coquille, ni interne ni externe. Son corps est enti\u00e8rement compos\u00e9 de muscles et de &hellip; <\/p>\n<p class=\"link-more\"><a href=\"https:\/\/pieuvredumbo.com\/index.php\/quest-ce-quune-pieuvre\/\" class=\"more-link\">Lire la suite de<span class=\"screen-reader-text\">\u00ab\u00a0Qu\u2019est-ce qu\u2019une pieuvre Dumbo ?\u00a0\u00bb<\/span><\/a><\/p>\n","protected":false},"author":1,"featured_media":317,"parent":0,"menu_order":0,"comment_status":"closed","ping_status":"closed","template":"","meta":{"inspiro_hide_title":false,"footnotes":""},"class_list":["post-70","page","type-page","status-publish","has-post-thumbnail","hentry"],"yoast_head":"<!-- This site is optimized with the Yoast SEO plugin v27.1.1 - https:\/\/yoast.com\/product\/yoast-seo-wordpress\/ -->\n<title>Qu\u2019est-ce qu\u2019une pieuvre Dumbo ? - Pieuvre Dumbo<\/title>\n<meta name=\"robots\" content=\"index, follow, max-snippet:-1, max-image-preview:large, max-video-preview:-1\" \/>\n<link rel=\"canonical\" href=\"https:\/\/pieuvredumbo.com\/index.php\/quest-ce-quune-pieuvre\/\" \/>\n<meta property=\"og:locale\" content=\"fr_FR\" \/>\n<meta property=\"og:type\" content=\"article\" \/>\n<meta property=\"og:title\" content=\"Qu\u2019est-ce qu\u2019une pieuvre Dumbo ? - Pieuvre Dumbo\" \/>\n<meta property=\"og:description\" content=\"\u2728L&rsquo;anatomie d&rsquo;un mollusque hors du commun\u2728La pieuvre, que l&rsquo;on appelle aussi fr\u00e9quemment le poulpe, est un mollusque c\u00e9phalopode qui peuple nos oc\u00e9ans depuis pr\u00e8s de 300 millions d&rsquo;ann\u00e9es. Contrairement aux autres mollusques comme l&rsquo;escargot ou la moule, elle ne poss\u00e8de aucune coquille, ni interne ni externe. Son corps est enti\u00e8rement compos\u00e9 de muscles et de &hellip; Lire la suite de\u00ab\u00a0Qu\u2019est-ce qu\u2019une pieuvre Dumbo ?\u00a0\u00bb\" \/>\n<meta property=\"og:url\" content=\"https:\/\/pieuvredumbo.com\/index.php\/quest-ce-quune-pieuvre\/\" \/>\n<meta property=\"og:site_name\" content=\"Pieuvre Dumbo\" \/>\n<meta property=\"article:modified_time\" content=\"2026-03-29T20:15:30+00:00\" \/>\n<meta property=\"og:image\" content=\"https:\/\/pieuvredumbo.com\/wp-content\/uploads\/2026\/03\/MC8MNB-1.png\" \/>\n\t<meta property=\"og:image:width\" content=\"1180\" \/>\n\t<meta property=\"og:image:height\" content=\"787\" \/>\n\t<meta property=\"og:image:type\" content=\"image\/png\" \/>\n<meta name=\"twitter:card\" content=\"summary_large_image\" \/>\n<meta name=\"twitter:label1\" content=\"Dur\u00e9e de lecture estim\u00e9e\" \/>\n\t<meta name=\"twitter:data1\" content=\"2 minutes\" \/>\n<script type=\"application\/ld+json\" class=\"yoast-schema-graph\">{\"@context\":\"https:\/\/schema.org\",\"@graph\":[{\"@type\":\"WebPage\",\"@id\":\"https:\/\/pieuvredumbo.com\/index.php\/quest-ce-quune-pieuvre\/\",\"url\":\"https:\/\/pieuvredumbo.com\/index.php\/quest-ce-quune-pieuvre\/\",\"name\":\"Qu\u2019est-ce qu\u2019une pieuvre Dumbo ? - Pieuvre Dumbo\",\"isPartOf\":{\"@id\":\"http:\/\/pieuvredumbo.com\/#website\"},\"primaryImageOfPage\":{\"@id\":\"https:\/\/pieuvredumbo.com\/index.php\/quest-ce-quune-pieuvre\/#primaryimage\"},\"image\":{\"@id\":\"https:\/\/pieuvredumbo.com\/index.php\/quest-ce-quune-pieuvre\/#primaryimage\"},\"thumbnailUrl\":\"https:\/\/pieuvredumbo.com\/wp-content\/uploads\/2026\/03\/MC8MNB-1.png\",\"datePublished\":\"2026-03-15T14:19:25+00:00\",\"dateModified\":\"2026-03-29T20:15:30+00:00\",\"breadcrumb\":{\"@id\":\"https:\/\/pieuvredumbo.com\/index.php\/quest-ce-quune-pieuvre\/#breadcrumb\"},\"inLanguage\":\"fr-FR\",\"potentialAction\":[{\"@type\":\"ReadAction\",\"target\":[\"https:\/\/pieuvredumbo.com\/index.php\/quest-ce-quune-pieuvre\/\"]}]},{\"@type\":\"ImageObject\",\"inLanguage\":\"fr-FR\",\"@id\":\"https:\/\/pieuvredumbo.com\/index.php\/quest-ce-quune-pieuvre\/#primaryimage\",\"url\":\"https:\/\/pieuvredumbo.com\/wp-content\/uploads\/2026\/03\/MC8MNB-1.png\",\"contentUrl\":\"https:\/\/pieuvredumbo.com\/wp-content\/uploads\/2026\/03\/MC8MNB-1.png\",\"width\":1180,\"height\":787,\"caption\":\"Pieuvre mim\u00e9tique\"},{\"@type\":\"BreadcrumbList\",\"@id\":\"https:\/\/pieuvredumbo.com\/index.php\/quest-ce-quune-pieuvre\/#breadcrumb\",\"itemListElement\":[{\"@type\":\"ListItem\",\"position\":1,\"name\":\"Accueil\",\"item\":\"http:\/\/pieuvredumbo.com\/\"},{\"@type\":\"ListItem\",\"position\":2,\"name\":\"Qu\u2019est-ce qu\u2019une pieuvre Dumbo ?\"}]},{\"@type\":\"WebSite\",\"@id\":\"http:\/\/pieuvredumbo.com\/#website\",\"url\":\"http:\/\/pieuvredumbo.com\/\",\"name\":\"Pieuvre Dumbo\",\"description\":\"Grimpoteuthis\",\"publisher\":{\"@id\":\"http:\/\/pieuvredumbo.com\/#organization\"},\"potentialAction\":[{\"@type\":\"SearchAction\",\"target\":{\"@type\":\"EntryPoint\",\"urlTemplate\":\"http:\/\/pieuvredumbo.com\/?s={search_term_string}\"},\"query-input\":{\"@type\":\"PropertyValueSpecification\",\"valueRequired\":true,\"valueName\":\"search_term_string\"}}],\"inLanguage\":\"fr-FR\"},{\"@type\":\"Organization\",\"@id\":\"http:\/\/pieuvredumbo.com\/#organization\",\"name\":\"Pieuvre Dumbo\",\"url\":\"http:\/\/pieuvredumbo.com\/\",\"logo\":{\"@type\":\"ImageObject\",\"inLanguage\":\"fr-FR\",\"@id\":\"http:\/\/pieuvredumbo.com\/#\/schema\/logo\/image\/\",\"url\":\"http:\/\/pieuvredumbo.com\/wp-content\/uploads\/2026\/03\/cropped-Design_sans_titre-removebg-preview.png\",\"contentUrl\":\"http:\/\/pieuvredumbo.com\/wp-content\/uploads\/2026\/03\/cropped-Design_sans_titre-removebg-preview.png\",\"width\":500,\"height\":500,\"caption\":\"Pieuvre Dumbo\"},\"image\":{\"@id\":\"http:\/\/pieuvredumbo.com\/#\/schema\/logo\/image\/\"}}]}<\/script>\n<!-- \/ Yoast SEO plugin. -->","yoast_head_json":{"title":"Qu\u2019est-ce qu\u2019une pieuvre Dumbo ? - Pieuvre Dumbo","robots":{"index":"index","follow":"follow","max-snippet":"max-snippet:-1","max-image-preview":"max-image-preview:large","max-video-preview":"max-video-preview:-1"},"canonical":"https:\/\/pieuvredumbo.com\/index.php\/quest-ce-quune-pieuvre\/","og_locale":"fr_FR","og_type":"article","og_title":"Qu\u2019est-ce qu\u2019une pieuvre Dumbo ? - Pieuvre Dumbo","og_description":"\u2728L&rsquo;anatomie d&rsquo;un mollusque hors du commun\u2728La pieuvre, que l&rsquo;on appelle aussi fr\u00e9quemment le poulpe, est un mollusque c\u00e9phalopode qui peuple nos oc\u00e9ans depuis pr\u00e8s de 300 millions d&rsquo;ann\u00e9es. Contrairement aux autres mollusques comme l&rsquo;escargot ou la moule, elle ne poss\u00e8de aucune coquille, ni interne ni externe. Son corps est enti\u00e8rement compos\u00e9 de muscles et de &hellip; Lire la suite de\u00ab\u00a0Qu\u2019est-ce qu\u2019une pieuvre Dumbo ?\u00a0\u00bb","og_url":"https:\/\/pieuvredumbo.com\/index.php\/quest-ce-quune-pieuvre\/","og_site_name":"Pieuvre Dumbo","article_modified_time":"2026-03-29T20:15:30+00:00","og_image":[{"width":1180,"height":787,"url":"https:\/\/pieuvredumbo.com\/wp-content\/uploads\/2026\/03\/MC8MNB-1.png","type":"image\/png"}],"twitter_card":"summary_large_image","twitter_misc":{"Dur\u00e9e de lecture estim\u00e9e":"2 minutes"},"schema":{"@context":"https:\/\/schema.org","@graph":[{"@type":"WebPage","@id":"https:\/\/pieuvredumbo.com\/index.php\/quest-ce-quune-pieuvre\/","url":"https:\/\/pieuvredumbo.com\/index.php\/quest-ce-quune-pieuvre\/","name":"Qu\u2019est-ce qu\u2019une pieuvre Dumbo ? - Pieuvre Dumbo","isPartOf":{"@id":"http:\/\/pieuvredumbo.com\/#website"},"primaryImageOfPage":{"@id":"https:\/\/pieuvredumbo.com\/index.php\/quest-ce-quune-pieuvre\/#primaryimage"},"image":{"@id":"https:\/\/pieuvredumbo.com\/index.php\/quest-ce-quune-pieuvre\/#primaryimage"},"thumbnailUrl":"https:\/\/pieuvredumbo.com\/wp-content\/uploads\/2026\/03\/MC8MNB-1.png","datePublished":"2026-03-15T14:19:25+00:00","dateModified":"2026-03-29T20:15:30+00:00","breadcrumb":{"@id":"https:\/\/pieuvredumbo.com\/index.php\/quest-ce-quune-pieuvre\/#breadcrumb"},"inLanguage":"fr-FR","potentialAction":[{"@type":"ReadAction","target":["https:\/\/pieuvredumbo.com\/index.php\/quest-ce-quune-pieuvre\/"]}]},{"@type":"ImageObject","inLanguage":"fr-FR","@id":"https:\/\/pieuvredumbo.com\/index.php\/quest-ce-quune-pieuvre\/#primaryimage","url":"https:\/\/pieuvredumbo.com\/wp-content\/uploads\/2026\/03\/MC8MNB-1.png","contentUrl":"https:\/\/pieuvredumbo.com\/wp-content\/uploads\/2026\/03\/MC8MNB-1.png","width":1180,"height":787,"caption":"Pieuvre mim\u00e9tique"},{"@type":"BreadcrumbList","@id":"https:\/\/pieuvredumbo.com\/index.php\/quest-ce-quune-pieuvre\/#breadcrumb","itemListElement":[{"@type":"ListItem","position":1,"name":"Accueil","item":"http:\/\/pieuvredumbo.com\/"},{"@type":"ListItem","position":2,"name":"Qu\u2019est-ce qu\u2019une pieuvre Dumbo ?"}]},{"@type":"WebSite","@id":"http:\/\/pieuvredumbo.com\/#website","url":"http:\/\/pieuvredumbo.com\/","name":"Pieuvre Dumbo","description":"Grimpoteuthis","publisher":{"@id":"http:\/\/pieuvredumbo.com\/#organization"},"potentialAction":[{"@type":"SearchAction","target":{"@type":"EntryPoint","urlTemplate":"http:\/\/pieuvredumbo.com\/?s={search_term_string}"},"query-input":{"@type":"PropertyValueSpecification","valueRequired":true,"valueName":"search_term_string"}}],"inLanguage":"fr-FR"},{"@type":"Organization","@id":"http:\/\/pieuvredumbo.com\/#organization","name":"Pieuvre Dumbo","url":"http:\/\/pieuvredumbo.com\/","logo":{"@type":"ImageObject","inLanguage":"fr-FR","@id":"http:\/\/pieuvredumbo.com\/#\/schema\/logo\/image\/","url":"http:\/\/pieuvredumbo.com\/wp-content\/uploads\/2026\/03\/cropped-Design_sans_titre-removebg-preview.png","contentUrl":"http:\/\/pieuvredumbo.com\/wp-content\/uploads\/2026\/03\/cropped-Design_sans_titre-removebg-preview.png","width":500,"height":500,"caption":"Pieuvre Dumbo"},"image":{"@id":"http:\/\/pieuvredumbo.com\/#\/schema\/logo\/image\/"}}]}},"_links":{"self":[{"href":"https:\/\/pieuvredumbo.com\/index.php\/wp-json\/wp\/v2\/pages\/70","targetHints":{"allow":["GET"]}}],"collection":[{"href":"https:\/\/pieuvredumbo.com\/index.php\/wp-json\/wp\/v2\/pages"}],"about":[{"href":"https:\/\/pieuvredumbo.com\/index.php\/wp-json\/wp\/v2\/types\/page"}],"author":[{"embeddable":true,"href":"https:\/\/pieuvredumbo.com\/index.php\/wp-json\/wp\/v2\/users\/1"}],"replies":[{"embeddable":true,"href":"https:\/\/pieuvredumbo.com\/index.php\/wp-json\/wp\/v2\/comments?post=70"}],"version-history":[{"count":15,"href":"https:\/\/pieuvredumbo.com\/index.php\/wp-json\/wp\/v2\/pages\/70\/revisions"}],"predecessor-version":[{"id":401,"href":"https:\/\/pieuvredumbo.com\/index.php\/wp-json\/wp\/v2\/pages\/70\/revisions\/401"}],"wp:featuredmedia":[{"embeddable":true,"href":"https:\/\/pieuvredumbo.com\/index.php\/wp-json\/wp\/v2\/media\/317"}],"wp:attachment":[{"href":"https:\/\/pieuvredumbo.com\/index.php\/wp-json\/wp\/v2\/media?parent=70"}],"curies":[{"name":"wp","href":"https:\/\/api.w.org\/{rel}","templated":true}]}}